{"id":403,"date":"2026-01-13T02:20:57","date_gmt":"2026-01-13T02:20:57","guid":{"rendered":"https:\/\/zeitlosklinik.ch\/?page_id=403"},"modified":"2026-01-13T02:26:03","modified_gmt":"2026-01-13T02:26:03","slug":"terms-conditions-2","status":"publish","type":"page","link":"https:\/\/zeitlosklinik.ch\/de\/terms-conditions-2\/","title":{"rendered":"Bedingungen und Konditionen"},"content":{"rendered":"<div data-elementor-type=\"wp-page\" data-elementor-id=\"403\" class=\"elementor elementor-403\" data-elementor-post-type=\"page\">\n\t\t\t\t<div class=\"elementor-element elementor-element-af20021 e-flex e-con-boxed e-con e-parent\" data-id=\"af20021\" data-element_type=\"container\" data-settings=\"{&quot;background_background&quot;:&quot;classic&quot;}\">\n\t\t\t\t\t<div class=\"e-con-inner\">\n\t\t\t\t<div class=\"elementor-element elementor-element-673dba4 elementor-widget elementor-widget-heading\" data-id=\"673dba4\" data-element_type=\"widget\" data-widget_type=\"heading.default\">\n\t\t\t\t\t<h2 class=\"elementor-heading-title elementor-size-default\">Bedingungen und Konditionen<\/h2>\t\t\t\t<\/div>\n\t\t\t\t<div class=\"elementor-element elementor-element-473dded elementor-widget elementor-widget-text-editor\" data-id=\"473dded\" data-element_type=\"widget\" data-widget_type=\"text-editor.default\">\n\t\t\t\t\t\t\t\t\t<div style=\"text-align: justify;\">\n\n<p><strong><\/strong><\/p>\n\n<p>\nMit dem Zugriff und der Nutzung der Website der Zeitlos Beauty Klinik erkl\u00e4ren Sie sich mit den\nfolgenden Bedingungen und Konditionen.\n<\/p>\n\n<p><strong>1. Dienstleistungen<\/strong><\/p>\n<p>\nAlle auf dieser Website bereitgestellten Informationen dienen nur zu allgemeinen Informationszwecken\nausschlie\u00dflich. Die Behandlungen und Dienstleistungen werden nach einer professionellen Beurteilung angeboten\nund k\u00f6nnen je nach den individuellen Bed\u00fcrfnissen variieren.\n<\/p>\n\n<p><strong>2. Verabredungen und Behandlungen<\/strong><\/p>\n<p>\nTermine sind abh\u00e4ngig von der Verf\u00fcgbarkeit. Die Behandlungsergebnisse k\u00f6nnen von\nvon Person zu Person variieren, und es werden keine Garantien f\u00fcr bestimmte Ergebnisse ausgesprochen oder\nimpliziert.\n<\/p>\n\n<p><strong>3. Medizinischer Haftungsausschluss<\/strong><\/p>\n<p>\nDie angebotenen Behandlungen sind auf \u00c4sthetik und Wellness ausgerichtet und ersetzen keine\nmedizinische Diagnose oder Behandlung. Es liegt in der Verantwortung des Kunden, uns \u00fcber\nKrankheiten, Allergien oder Kontraindikationen vor der Behandlung zu informieren.\n<\/p>\n\n<p><strong>4. Preisgestaltung<\/strong><\/p>\n<p>\nDie auf der Website angegebenen Preise sind Richtpreise und k\u00f6nnen sich\nohne vorherige Ank\u00fcndigung \u00e4ndern. Jegliche Sonderangebote oder Vorteile unterliegen besonderen\nBedingungen, die zum Zeitpunkt der Buchung mitgeteilt werden.\n<\/p>\n\n<p><strong>5. Haftung<\/strong><\/p>\n<p>\nDie Zeitlos Beauty Klinik haftet nicht f\u00fcr direkte oder indirekte Sch\u00e4den, die\ndie durch die Nutzung dieser Website oder das Vertrauen auf die darin enthaltenen Informationen entstehen, soweit\nsoweit dies nach Schweizer Recht zul\u00e4ssig ist.\n<\/p>\n\n<\/div>\n\t\t\t\t\t\t\t\t<\/div>\n\t\t\t\t\t<\/div>\n\t\t\t\t<\/div>\n\t\t\t\t<\/div>","protected":false},"excerpt":{"rendered":"<p>Allgemeine Gesch\u00e4ftsbedingungen Mit dem Zugriff auf die Website der Zeitlos Beauty Klinik und deren Nutzung erkl\u00e4ren Sie sich mit den folgenden Allgemeinen Gesch\u00e4ftsbedingungen einverstanden. 1. Dienstleistungen Alle auf dieser Website bereitgestellten Informationen dienen ausschlie\u00dflich der allgemeinen Information. Die Behandlungen und Dienstleistungen werden nach einer professionellen Beurteilung angeboten und k\u00f6nnen je nach den individuellen Bed\u00fcrfnissen variieren. 2. Termine und Behandlungen Termine und Behandlungen [...]<\/p>","protected":false},"author":1,"featured_media":0,"parent":0,"menu_order":0,"comment_status":"closed","ping_status":"closed","template":"elementor_header_footer","meta":{"footnotes":""},"class_list":["post-403","page","type-page","status-publish","hentry"],"_hostinger_reach_plugin_has_subscription_block":false,"_hostinger_reach_plugin_is_elementor":false,"_links":{"self":[{"href":"https:\/\/zeitlosklinik.ch\/de\/wp-json\/wp\/v2\/pages\/403","targetHints":{"allow":["GET"]}}],"collection":[{"href":"https:\/\/zeitlosklinik.ch\/de\/wp-json\/wp\/v2\/pages"}],"about":[{"href":"https:\/\/zeitlosklinik.ch\/de\/wp-json\/wp\/v2\/types\/page"}],"author":[{"embeddable":true,"href":"https:\/\/zeitlosklinik.ch\/de\/wp-json\/wp\/v2\/users\/1"}],"replies":[{"embeddable":true,"href":"https:\/\/zeitlosklinik.ch\/de\/wp-json\/wp\/v2\/comments?post=403"}],"version-history":[{"count":7,"href":"https:\/\/zeitlosklinik.ch\/de\/wp-json\/wp\/v2\/pages\/403\/revisions"}],"predecessor-version":[{"id":423,"href":"https:\/\/zeitlosklinik.ch\/de\/wp-json\/wp\/v2\/pages\/403\/revisions\/423"}],"wp:attachment":[{"href":"https:\/\/zeitlosklinik.ch\/de\/wp-json\/wp\/v2\/media?parent=403"}],"curies":[{"name":"wp","href":"https:\/\/api.w.org\/{rel}","templated":true}]}}