{"id":408,"date":"2026-01-13T02:22:38","date_gmt":"2026-01-13T02:22:38","guid":{"rendered":"https:\/\/zeitlosklinik.ch\/?page_id=408"},"modified":"2026-01-13T02:25:42","modified_gmt":"2026-01-13T02:25:42","slug":"legal-notice-2","status":"publish","type":"page","link":"https:\/\/zeitlosklinik.ch\/de\/legal-notice-2\/","title":{"rendered":"Rechtlicher Hinweis"},"content":{"rendered":"<div data-elementor-type=\"wp-page\" data-elementor-id=\"408\" class=\"elementor elementor-408\" data-elementor-post-type=\"page\">\n\t\t\t\t<div class=\"elementor-element elementor-element-ef039bc e-flex e-con-boxed e-con e-parent\" data-id=\"ef039bc\" data-element_type=\"container\" data-settings=\"{&quot;background_background&quot;:&quot;classic&quot;}\">\n\t\t\t\t\t<div class=\"e-con-inner\">\n\t\t\t\t<div class=\"elementor-element elementor-element-782da5d elementor-widget elementor-widget-heading\" data-id=\"782da5d\" data-element_type=\"widget\" data-widget_type=\"heading.default\">\n\t\t\t\t\t<h2 class=\"elementor-heading-title elementor-size-default\">Rechtlicher Hinweis<\/h2>\t\t\t\t<\/div>\n\t\t\t\t<div class=\"elementor-element elementor-element-5d560ec elementor-widget elementor-widget-text-editor\" data-id=\"5d560ec\" data-element_type=\"widget\" data-widget_type=\"text-editor.default\">\n\t\t\t\t\t\t\t\t\t<div style=\"text-align: justify;\">\n\n<p><strong>Rechtlicher Hinweis<\/strong><\/p>\n\n<p>\n<strong>Name des Unternehmens:<\/strong> Zeitlos Beauty Klinik<br>\n<strong>T\u00e4tigkeit:<\/strong> \u00c4sthetische und Wellness-Dienstleistungen<br>\n<strong>Standort:<\/strong> Schweiz\n<\/p>\n\n<p>\nDer Inhalt dieser Website wurde mit Sorgfalt und Genauigkeit erstellt. Dennoch,\nZeitlos Beauty Klinik \u00fcbernimmt jedoch keine Gew\u00e4hr f\u00fcr die Vollst\u00e4ndigkeit, Richtigkeit und\nAktualit\u00e4t der bereitgestellten Informationen.\n<\/p>\n\n<p>\nAlle auf dieser Website ver\u00f6ffentlichten Texte, Bilder und Inhalte sind geistiges\nEigentum der Zeitlos Beauty Klinik und d\u00fcrfen ohne vorherige schriftliche Zustimmung nicht\nohne vorherige schriftliche Zustimmung vervielf\u00e4ltigt, verbreitet oder genutzt werden.\n<\/p>\n\n<p>\nExterne Links werden, falls vorhanden, nur aus Gr\u00fcnden der \u00dcbersichtlichkeit angegeben. Die Zeitlos Beauty Klinik\n\u00fcbernimmt keine Verantwortung f\u00fcr den Inhalt externer Websites.\n<\/p>\n\n<\/div>\n\t\t\t\t\t\t\t\t<\/div>\n\t\t\t\t\t<\/div>\n\t\t\t\t<\/div>\n\t\t\t\t<\/div>","protected":false},"excerpt":{"rendered":"<p>Impressum Impressum Gesch\u00e4ftsname: Zeitlos Beauty Klinik Gesch\u00e4ftsgegenstand: \u00c4sthetische und Wellness-Dienstleistungen Standort: Schweiz Der Inhalt dieser Website wurde mit Sorgfalt und Genauigkeit erstellt. Die Zeitlos Beauty Klinik \u00fcbernimmt jedoch keine Gew\u00e4hr f\u00fcr die Vollst\u00e4ndigkeit, Richtigkeit und Aktualit\u00e4t der bereitgestellten Informationen. Alle auf dieser Website ver\u00f6ffentlichten Texte, Bilder und Inhalte sind [...]<\/p>","protected":false},"author":1,"featured_media":0,"parent":0,"menu_order":0,"comment_status":"closed","ping_status":"closed","template":"elementor_header_footer","meta":{"footnotes":""},"class_list":["post-408","page","type-page","status-publish","hentry"],"_hostinger_reach_plugin_has_subscription_block":false,"_hostinger_reach_plugin_is_elementor":false,"_links":{"self":[{"href":"https:\/\/zeitlosklinik.ch\/de\/wp-json\/wp\/v2\/pages\/408","targetHints":{"allow":["GET"]}}],"collection":[{"href":"https:\/\/zeitlosklinik.ch\/de\/wp-json\/wp\/v2\/pages"}],"about":[{"href":"https:\/\/zeitlosklinik.ch\/de\/wp-json\/wp\/v2\/types\/page"}],"author":[{"embeddable":true,"href":"https:\/\/zeitlosklinik.ch\/de\/wp-json\/wp\/v2\/users\/1"}],"replies":[{"embeddable":true,"href":"https:\/\/zeitlosklinik.ch\/de\/wp-json\/wp\/v2\/comments?post=408"}],"version-history":[{"count":7,"href":"https:\/\/zeitlosklinik.ch\/de\/wp-json\/wp\/v2\/pages\/408\/revisions"}],"predecessor-version":[{"id":419,"href":"https:\/\/zeitlosklinik.ch\/de\/wp-json\/wp\/v2\/pages\/408\/revisions\/419"}],"wp:attachment":[{"href":"https:\/\/zeitlosklinik.ch\/de\/wp-json\/wp\/v2\/media?parent=408"}],"curies":[{"name":"wp","href":"https:\/\/api.w.org\/{rel}","templated":true}]}}