{"id":43,"date":"2026-01-10T06:04:22","date_gmt":"2026-01-10T06:04:22","guid":{"rendered":"https:\/\/zeitlosklinik.ch\/?page_id=43"},"modified":"2026-01-13T02:31:20","modified_gmt":"2026-01-13T02:31:20","slug":"about","status":"publish","type":"page","link":"https:\/\/zeitlosklinik.ch\/de\/about\/","title":{"rendered":"\u00dcber"},"content":{"rendered":"<div data-elementor-type=\"wp-page\" data-elementor-id=\"43\" class=\"elementor elementor-43\" data-elementor-post-type=\"page\">\n\t\t\t\t<div class=\"elementor-element elementor-element-d028728 e-flex e-con-boxed e-con e-parent\" data-id=\"d028728\" data-element_type=\"container\" data-settings=\"{&quot;background_background&quot;:&quot;classic&quot;}\">\n\t\t\t\t\t<div class=\"e-con-inner\">\n\t\t\t\t<div class=\"elementor-element elementor-element-cfe7b3b elementor-widget elementor-widget-heading\" data-id=\"cfe7b3b\" data-element_type=\"widget\" data-widget_type=\"heading.default\">\n\t\t\t\t\t<h2 class=\"elementor-heading-title elementor-size-default\">\u00dcBER ZEITLOS | Die Essenz von Zeitlos<\/h2>\t\t\t\t<\/div>\n\t\t\t\t<div class=\"elementor-element elementor-element-a2b6484 elementor-widget elementor-widget-heading\" data-id=\"a2b6484\" data-element_type=\"widget\" data-widget_type=\"heading.default\">\n\t\t\t\t\t<h2 class=\"elementor-heading-title elementor-size-default\">Eine Pflegephilosophie, die von Ausgewogenheit, Absicht und Zeit geleitet wird.<\/h2>\t\t\t\t<\/div>\n\t\t\t\t<div class=\"elementor-element elementor-element-6d5251a elementor-widget elementor-widget-text-editor\" data-id=\"6d5251a\" data-element_type=\"widget\" data-widget_type=\"text-editor.default\">\n\t\t\t\t\t\t\t\t\t<p data-start=\"1120\" data-end=\"1295\"><em data-start=\"1120\" data-end=\"1293\">Zeitlos wurde als Antwort auf eine zunehmend anstrengende Routine geschaffen. Ein Raum, in dem Selbstpflege nicht als Luxus, sondern als wesentlicher Bestandteil des Wohlbefindens angesehen wird.<\/em><\/p><p data-start=\"1302\" data-end=\"1506\"><em data-start=\"1302\" data-end=\"1506\">Durch die Verbindung von \u00c4sthetik und Spa bieten wir Behandlungen an, die Individualit\u00e4t, Zeit und Gleichgewicht respektieren. Jedes Erlebnis ist sorgf\u00e4ltig konzipiert, um sichtbare Ergebnisse, Komfort und ein tiefes Gef\u00fchl der Entspannung zu f\u00f6rdern.<\/em><\/p>\t\t\t\t\t\t\t\t<\/div>\n\t\t\t\t\t<\/div>\n\t\t\t\t<\/div>\n\t\t<div class=\"elementor-element elementor-element-6a8941c e-flex e-con-boxed e-con e-parent\" data-id=\"6a8941c\" data-element_type=\"container\" data-settings=\"{&quot;background_background&quot;:&quot;classic&quot;}\">\n\t\t\t\t\t<div class=\"e-con-inner\">\n\t\t\t\t<div class=\"elementor-element elementor-element-98b0781 elementor-widget elementor-widget-heading\" data-id=\"98b0781\" data-element_type=\"widget\" data-widget_type=\"heading.default\">\n\t\t\t\t\t<h2 class=\"elementor-heading-title elementor-size-default\">Unser Ansatz<\/h2>\t\t\t\t<\/div>\n\t\t\t\t<div class=\"elementor-element elementor-element-6d32f73 elementor-widget elementor-widget-spacer\" data-id=\"6d32f73\" data-element_type=\"widget\" data-widget_type=\"spacer.default\">\n\t\t\t\t\t\t\t<div class=\"elementor-spacer\">\n\t\t\t<div class=\"elementor-spacer-inner\"><\/div>\n\t\t<\/div>\n\t\t\t\t\t\t<\/div>\n\t\t<div class=\"elementor-element elementor-element-281c35b e-grid e-con-full e-con e-child\" data-id=\"281c35b\" data-element_type=\"container\">\n\t\t\t\t<div class=\"elementor-element elementor-element-d73c172 elementor-view-default elementor-position-block-start elementor-mobile-position-block-start elementor-widget elementor-widget-icon-box\" data-id=\"d73c172\" data-element_type=\"widget\" data-widget_type=\"icon-box.default\">\n\t\t\t\t\t\t\t<div class=\"elementor-icon-box-wrapper\">\n\n\t\t\t\t\t\t<div class=\"elementor-icon-box-icon\">\n\t\t\t\t<span  class=\"elementor-icon\">\n\t\t\t\t<svg aria-hidden=\"true\" class=\"e-font-icon-svg e-fas-spinner\" viewbox=\"0 0 512 512\" xmlns=\"http:\/\/www.w3.org\/2000\/svg\"><path d=\"M304 48c0 26.51-21.49 48-48 48s-48-21.49-48-48 21.49-48 48-48 48 21.49 48 48zm-48 368c-26.51 0-48 21.49-48 48s21.49 48 48 48 48-21.49 48-48-21.49-48-48-48zm208-208c-26.51 0-48 21.49-48 48s21.49 48 48 48 48-21.49 48-48-21.49-48-48-48zM96 256c0-26.51-21.49-48-48-48S0 229.49 0 256s21.49 48 48 48 48-21.49 48-48zm12.922 99.078c-26.51 0-48 21.49-48 48s21.49 48 48 48 48-21.49 48-48c0-26.509-21.491-48-48-48zm294.156 0c-26.51 0-48 21.49-48 48s21.49 48 48 48 48-21.49 48-48c0-26.509-21.49-48-48-48zM108.922 60.922c-26.51 0-48 21.49-48 48s21.49 48 48 48 48-21.49 48-48-21.491-48-48-48z\"><\/path><\/svg>\t\t\t\t<\/span>\n\t\t\t<\/div>\n\t\t\t\n\t\t\t\t\t\t<div class=\"elementor-icon-box-content\">\n\n\t\t\t\t\t\t\t\t\t<h3 class=\"elementor-icon-box-title\">\n\t\t\t\t\t\t<span  >\n\t\t\t\t\t\t\tGanzheitliche Pflege\t\t\t\t\t\t<\/span>\n\t\t\t\t\t<\/h3>\n\t\t\t\t\n\t\t\t\t\t\t\t\t\t<p class=\"elementor-icon-box-description\">\n\t\t\t\t\t\tHaut, K\u00f6rper und Wohlbefinden werden als Ganzes behandelt\t\t\t\t\t<\/p>\n\t\t\t\t\n\t\t\t<\/div>\n\t\t\t\n\t\t<\/div>\n\t\t\t\t\t\t<\/div>\n\t\t\t\t<div class=\"elementor-element elementor-element-f7f3261 elementor-view-default elementor-position-block-start elementor-mobile-position-block-start elementor-widget elementor-widget-icon-box\" data-id=\"f7f3261\" data-element_type=\"widget\" data-widget_type=\"icon-box.default\">\n\t\t\t\t\t\t\t<div class=\"elementor-icon-box-wrapper\">\n\n\t\t\t\t\t\t<div class=\"elementor-icon-box-icon\">\n\t\t\t\t<span  class=\"elementor-icon\">\n\t\t\t\t<svg aria-hidden=\"true\" class=\"e-font-icon-svg e-fas-star\" viewbox=\"0 0 576 512\" xmlns=\"http:\/\/www.w3.org\/2000\/svg\"><path d=\"M259.3 17.8L194 150.2 47.9 171.5c-26.2 3.8-36.7 36.1-17.7 54.6l105.7 103-25 145.5c-4.5 26.3 23.2 46 46.4 33.7L288 439.6l130.7 68.7c23.2 12.2 50.9-7.4 46.4-33.7l-25-145.5 105.7-103c19-18.5 8.5-50.8-17.7-54.6L382 150.2 316.7 17.8c-11.7-23.6-45.6-23.9-57.4 0z\"><\/path><\/svg>\t\t\t\t<\/span>\n\t\t\t<\/div>\n\t\t\t\n\t\t\t\t\t\t<div class=\"elementor-icon-box-content\">\n\n\t\t\t\t\t\t\t\t\t<h3 class=\"elementor-icon-box-title\">\n\t\t\t\t\t\t<span  >\n\t\t\t\t\t\t\tPersonalisierte Erfahrung\t\t\t\t\t\t<\/span>\n\t\t\t\t\t<\/h3>\n\t\t\t\t\n\t\t\t\t\t\t\t\t\t<p class=\"elementor-icon-box-description\">\n\t\t\t\t\t\tJede Behandlung wird an die individuellen Bed\u00fcrfnisse angepasst\t\t\t\t\t<\/p>\n\t\t\t\t\n\t\t\t<\/div>\n\t\t\t\n\t\t<\/div>\n\t\t\t\t\t\t<\/div>\n\t\t\t\t<div class=\"elementor-element elementor-element-005d924 elementor-view-default elementor-position-block-start elementor-mobile-position-block-start elementor-widget elementor-widget-icon-box\" data-id=\"005d924\" data-element_type=\"widget\" data-widget_type=\"icon-box.default\">\n\t\t\t\t\t\t\t<div class=\"elementor-icon-box-wrapper\">\n\n\t\t\t\t\t\t<div class=\"elementor-icon-box-icon\">\n\t\t\t\t<span  class=\"elementor-icon\">\n\t\t\t\t<svg aria-hidden=\"true\" class=\"e-font-icon-svg e-fas-certificate\" viewbox=\"0 0 512 512\" xmlns=\"http:\/\/www.w3.org\/2000\/svg\"><path d=\"M458.622 255.92l45.985-45.005c13.708-12.977 7.316-36.039-10.664-40.339l-62.65-15.99 17.661-62.015c4.991-17.838-11.829-34.663-29.661-29.671l-61.994 17.667-15.984-62.671C337.085.197 313.765-6.276 300.99 7.228L256 53.57 211.011 7.229c-12.63-13.351-36.047-7.234-40.325 10.668l-15.984 62.671-61.995-17.667C74.87 57.907 58.056 74.738 63.046 92.572l17.661 62.015-62.65 15.99C.069 174.878-6.31 197.944 7.392 210.915l45.985 45.005-45.985 45.004c-13.708 12.977-7.316 36.039 10.664 40.339l62.65 15.99-17.661 62.015c-4.991 17.838 11.829 34.663 29.661 29.671l61.994-17.667 15.984 62.671c4.439 18.575 27.696 24.018 40.325 10.668L256 458.61l44.989 46.001c12.5 13.488 35.987 7.486 40.325-10.668l15.984-62.671 61.994 17.667c17.836 4.994 34.651-11.837 29.661-29.671l-17.661-62.015 62.65-15.99c17.987-4.302 24.366-27.367 10.664-40.339l-45.984-45.004z\"><\/path><\/svg>\t\t\t\t<\/span>\n\t\t\t<\/div>\n\t\t\t\n\t\t\t\t\t\t<div class=\"elementor-icon-box-content\">\n\n\t\t\t\t\t\t\t\t\t<h3 class=\"elementor-icon-box-title\">\n\t\t\t\t\t\t<span  >\n\t\t\t\t\t\t\tBeabsichtigte Rituale\t\t\t\t\t\t<\/span>\n\t\t\t\t\t<\/h3>\n\t\t\t\t\n\t\t\t\t\t\t\t\t\t<p class=\"elementor-icon-box-description\">\n\t\t\t\t\t\tMit Aufmerksamkeit, Ruhe und Zielstrebigkeit gestaltete Pflege\t\t\t\t\t<\/p>\n\t\t\t\t\n\t\t\t<\/div>\n\t\t\t\n\t\t<\/div>\n\t\t\t\t\t\t<\/div>\n\t\t\t\t<\/div>\n\t\t\t\t\t<\/div>\n\t\t\t\t<\/div>\n\t\t<div class=\"elementor-element elementor-element-2ec40fa e-flex e-con-boxed e-con e-parent\" data-id=\"2ec40fa\" data-element_type=\"container\" data-settings=\"{&quot;background_background&quot;:&quot;classic&quot;}\">\n\t\t\t\t\t<div class=\"e-con-inner\">\n\t\t\t\t<div class=\"elementor-element elementor-element-7a02a43 elementor-widget__width-initial elementor-widget-mobile__width-inherit elementor-widget elementor-widget-text-editor\" data-id=\"7a02a43\" data-element_type=\"widget\" data-widget_type=\"text-editor.default\">\n\t\t\t\t\t\t\t\t\t<p data-start=\"228\" data-end=\"455\">Meine Geschichte entstand aus dem Wunsch, die Selbstf\u00fcrsorge in ein Ritual zu verwandeln, das Freude und Ergebnisse bringt. Durch meine eigenen Erfahrungen habe ich beobachtet, wie anstrengend t\u00e4gliche Routinen sein k\u00f6nnen und wie sie uns oft von uns selbst entfernen.<\/p><p data-start=\"457\" data-end=\"602\">Die Zeitlos Beauty Klinik ist als Antwort auf dieses Ungleichgewicht entstanden und bietet einen Raum, in dem Entspannung und Hautpflege kein Luxus, sondern eine Notwendigkeit sind.<\/p><p data-start=\"604\" data-end=\"795\">Ich bin eine zertifizierte medizinische Kosmetikerin, professionell ausgebildet in fortgeschrittenen \u00e4sthetischen und hautpflegerischen Behandlungen. Mit dieser Grundlage habe ich zwei Welten an einem Ort geschaffen: \u00c4sthetik und Spa.<\/p><p data-start=\"797\" data-end=\"1011\">Ich biete Ihnen das Beste in Sachen Gesichtsreinigung, \u00e4sthetische Behandlungen und Entspannungstherapien. Hier ist die Gesichtsreinigung von entscheidender Bedeutung, denn sie ist die Grundlage jeder Gesichtsbehandlung, ob invasiv oder nicht-invasiv.<\/p><p data-start=\"1013\" data-end=\"1221\">Ich glaube daran, das Wesentliche mit Exzellenz zu tun und Wissenschaft, Sensibilit\u00e4t, Einf\u00fchlungsverm\u00f6gen und Respekt zu verbinden. Jedes Detail ist durchdacht, um sichtbare Ergebnisse, Vertrauen und sinnvolle Momente der Pflege zu liefern.<\/p><p data-start=\"1223\" data-end=\"1352\">Ich k\u00fcmmere mich um anspruchsvolle M\u00e4nner und Frauen, die verstehen, dass Wohlbefinden und Selbstwertgef\u00fchl grundlegende Elemente eines erf\u00fcllten Lebens sind.<\/p>\t\t\t\t\t\t\t\t<\/div>\n\t\t\t\t<div class=\"elementor-element elementor-element-323bc28 elementor-widget elementor-widget-image\" data-id=\"323bc28\" data-element_type=\"widget\" data-widget_type=\"image.default\">\n\t\t\t\t\t\t\t\t\t\t\t\t\t\t\t<img decoding=\"async\" src=\"https:\/\/zeitlosklinik.ch\/wp-content\/plugins\/elementor\/assets\/images\/placeholder.png\" title=\"\" alt=\"\" loading=\"lazy\" \/>\t\t\t\t\t\t\t\t\t\t\t\t\t\t\t<\/div>\n\t\t\t\t\t<\/div>\n\t\t\t\t<\/div>\n\t\t<div class=\"elementor-element elementor-element-d0a89b2 e-flex e-con-boxed e-con e-parent\" data-id=\"d0a89b2\" data-element_type=\"container\" data-settings=\"{&quot;background_background&quot;:&quot;classic&quot;}\">\n\t\t\t\t\t<div class=\"e-con-inner\">\n\t\t\t\t<div class=\"elementor-element elementor-element-ba53f3b elementor-widget elementor-widget-heading\" data-id=\"ba53f3b\" data-element_type=\"widget\" data-widget_type=\"heading.default\">\n\t\t\t\t\t<h2 class=\"elementor-heading-title elementor-size-default\">Die Zeitlos-Erfahrung<\/h2>\t\t\t\t<\/div>\n\t\t\t\t<div class=\"elementor-element elementor-element-c64276c elementor-widget elementor-widget-text-editor\" data-id=\"c64276c\" data-element_type=\"widget\" data-widget_type=\"text-editor.default\">\n\t\t\t\t\t\t\t\t\t<p data-start=\"2168\" data-end=\"2330\"><em data-start=\"2168\" data-end=\"2328\">Von dem Moment an, in dem Sie ankommen, ist jedes Detail darauf ausgerichtet, eine ruhige und einladende Atmosph\u00e4re zu schaffen. Die Zeit verlangsamt sich, Ablenkungen verblassen und der Fokus richtet sich auf Sie.<\/em><\/p><p data-start=\"2337\" data-end=\"2449\"><em data-start=\"2337\" data-end=\"2449\">In Zeitlos ist jeder Besuch eine Einladung, innezuhalten, sich wieder zu verbinden und mit Pr\u00e4senz und Absicht f\u00fcr sich selbst zu sorgen.<\/em><\/p>\t\t\t\t\t\t\t\t<\/div>\n\t\t\t\t<div class=\"elementor-element elementor-element-13c531d elementor-widget-divider--view-line elementor-widget elementor-widget-divider\" data-id=\"13c531d\" data-element_type=\"widget\" data-widget_type=\"divider.default\">\n\t\t\t\t\t\t\t<div class=\"elementor-divider\">\n\t\t\t<span class=\"elementor-divider-separator\">\n\t\t\t\t\t\t<\/span>\n\t\t<\/div>\n\t\t\t\t\t\t<\/div>\n\t\t\t\t<div class=\"elementor-element elementor-element-fe9fb7a elementor-widget elementor-widget-heading\" data-id=\"fe9fb7a\" data-element_type=\"widget\" data-widget_type=\"heading.default\">\n\t\t\t\t\t<h2 class=\"elementor-heading-title elementor-size-default\">Sich selbst zu pflegen sollte sich nat\u00fcrlich, angenehm und pers\u00f6nlich anf\u00fchlen.<\/h2>\t\t\t\t<\/div>\n\t\t\t\t<div class=\"elementor-element elementor-element-9459860 elementor-align-justify elementor-widget elementor-widget-button\" data-id=\"9459860\" data-element_type=\"widget\" data-widget_type=\"button.default\">\n\t\t\t\t\t\t\t\t\t\t<a class=\"elementor-button elementor-button-link elementor-size-sm\" href=\"https:\/\/zeitlosklinik.ch\/de\/contact\/\">\n\t\t\t\t\t\t<span class=\"elementor-button-content-wrapper\">\n\t\t\t\t\t\t\t\t\t<span class=\"elementor-button-text\">Kontakt aufnehmen<\/span>\n\t\t\t\t\t<\/span>\n\t\t\t\t\t<\/a>\n\t\t\t\t\t\t\t\t<\/div>\n\t\t\t\t\t<\/div>\n\t\t\t\t<\/div>\n\t\t\t\t<\/div>","protected":false},"excerpt":{"rendered":"<p>\u00dcBER ZEITLOS | Die Essenz von Zeitlos Eine Philosophie der Pflege, die von Gleichgewicht, Absicht und Zeit geleitet wird. Zeitlos wurde als Antwort auf eine zunehmend anstrengende Routine geschaffen. Ein Ort, an dem die Pflege nicht als Luxus, sondern als wesentlicher Bestandteil des Wohlbefindens angesehen wird. Durch die Verbindung von \u00c4sthetik und Spa bieten wir Behandlungen [...]<\/p>","protected":false},"author":1,"featured_media":0,"parent":0,"menu_order":0,"comment_status":"closed","ping_status":"closed","template":"","meta":{"footnotes":""},"class_list":["post-43","page","type-page","status-publish","hentry"],"_hostinger_reach_plugin_has_subscription_block":false,"_hostinger_reach_plugin_is_elementor":false,"_links":{"self":[{"href":"https:\/\/zeitlosklinik.ch\/de\/wp-json\/wp\/v2\/pages\/43","targetHints":{"allow":["GET"]}}],"collection":[{"href":"https:\/\/zeitlosklinik.ch\/de\/wp-json\/wp\/v2\/pages"}],"about":[{"href":"https:\/\/zeitlosklinik.ch\/de\/wp-json\/wp\/v2\/types\/page"}],"author":[{"embeddable":true,"href":"https:\/\/zeitlosklinik.ch\/de\/wp-json\/wp\/v2\/users\/1"}],"replies":[{"embeddable":true,"href":"https:\/\/zeitlosklinik.ch\/de\/wp-json\/wp\/v2\/comments?post=43"}],"version-history":[{"count":25,"href":"https:\/\/zeitlosklinik.ch\/de\/wp-json\/wp\/v2\/pages\/43\/revisions"}],"predecessor-version":[{"id":432,"href":"https:\/\/zeitlosklinik.ch\/de\/wp-json\/wp\/v2\/pages\/43\/revisions\/432"}],"wp:attachment":[{"href":"https:\/\/zeitlosklinik.ch\/de\/wp-json\/wp\/v2\/media?parent=43"}],"curies":[{"name":"wp","href":"https:\/\/api.w.org\/{rel}","templated":true}]}}