{"id":395,"date":"2026-01-13T02:17:35","date_gmt":"2026-01-13T02:17:35","guid":{"rendered":"https:\/\/zeitlosklinik.ch\/?page_id=395"},"modified":"2026-01-13T02:26:25","modified_gmt":"2026-01-13T02:26:25","slug":"privacy-policy-2","status":"publish","type":"page","link":"https:\/\/zeitlosklinik.ch\/es\/privacy-policy-2\/","title":{"rendered":"Pol\u00edtica de privacidad"},"content":{"rendered":"<div data-elementor-type=\"wp-page\" data-elementor-id=\"395\" class=\"elementor elementor-395\" data-elementor-post-type=\"page\">\n\t\t\t\t<div class=\"elementor-element elementor-element-cf631f0 e-flex e-con-boxed e-con e-parent\" data-id=\"cf631f0\" data-element_type=\"container\" data-settings=\"{&quot;background_background&quot;:&quot;classic&quot;}\">\n\t\t\t\t\t<div class=\"e-con-inner\">\n\t\t\t\t<div class=\"elementor-element elementor-element-4c4e41b elementor-widget elementor-widget-heading\" data-id=\"4c4e41b\" data-element_type=\"widget\" data-widget_type=\"heading.default\">\n\t\t\t\t\t<h2 class=\"elementor-heading-title elementor-size-default\"> Pol\u00edtica de privacidad<\/h2>\t\t\t\t<\/div>\n\t\t\t\t<div class=\"elementor-element elementor-element-299eed8 elementor-widget elementor-widget-text-editor\" data-id=\"299eed8\" data-element_type=\"widget\" data-widget_type=\"text-editor.default\">\n\t\t\t\t\t\t\t\t\t<div style=\"text-align: justify;\">\n\n\n<p>\nZeitlos Beauty Klinik se compromete a proteger su privacidad y sus datos personales.\nEsta pol\u00edtica de privacidad explica c\u00f3mo recopilamos, utilizamos, almacenamos y protegemos su informaci\u00f3n personal de acuerdo con la Ley Federal Suiza de Protecci\u00f3n de Datos (FADP).\nsus datos personales de conformidad con la Ley Federal Suiza de Protecci\u00f3n de Datos (LFPD).\n<\/p>\n\n<p><strong>1. 1. Recogida de datos<\/strong><\/p>\n<p>\nPodemos recopilar informaci\u00f3n personal que usted facilite voluntariamente a trav\u00e9s de nuestro\nsitio web, formularios de contacto o comunicaci\u00f3n directa. Esto puede incluir su nombre\ndirecci\u00f3n de correo electr\u00f3nico, n\u00famero de tel\u00e9fono y cualquier informaci\u00f3n que decida compartir cuando\nponerse en contacto con nosotros.\n<\/p>\n\n<p><strong>2. Uso de datos personales<\/strong><\/p>\n<p>\nLos datos personales se utilizan exclusivamente para responder a consultas, proporcionar informaci\u00f3n\nsobre nuestros servicios, programar citas o consultas y mejorar nuestra\ncomunicaci\u00f3n y servicios. No vendemos, alquilamos ni compartimos datos personales con\nterceros, a menos que lo exija la ley.\n<\/p>\n\n<p><strong>3. Almacenamiento de datos y seguridad<\/strong><\/p>\n<p>\nTomamos las medidas t\u00e9cnicas y organizativas adecuadas para proteger los datos personales contra el acceso no autorizado, la p\u00e9rdida o el uso indebido.\ncontra el acceso no autorizado, la p\u00e9rdida o el uso indebido. Los datos se almacenan\nel tiempo necesario para cumplir los fines descritos en esta pol\u00edtica.\n<\/p>\n\n<p><strong>4. Cookies<\/strong><\/p>\n<p>\nNuestro sitio web puede utilizar cookies para mejorar la experiencia del usuario y el rendimiento del sitio web.\nPuede gestionar o desactivar las cookies a trav\u00e9s de la configuraci\u00f3n de su navegador.\n<\/p>\n\n<p><strong>5. Sus derechos<\/strong><\/p>\n<p>\nUsted tiene derecho a solicitar el acceso a sus datos personales, a solicitar la rectificaci\u00f3n\no solicitar la supresi\u00f3n de sus datos, de conformidad con la legislaci\u00f3n suiza aplicable en materia de protecci\u00f3n de datos.\nprotecci\u00f3n de datos.\n<\/p>\n\n<p><strong>6. Contacto<\/strong><\/p>\n<p>\nSi tiene alguna pregunta sobre esta Pol\u00edtica de Privacidad o sobre el tratamiento de sus\ndatos personales, p\u00f3ngase en contacto con nosotros directamente.\n<\/p>\n\n<\/div>\n\t\t\t\t\t\t\t\t<\/div>\n\t\t\t\t\t<\/div>\n\t\t\t\t<\/div>\n\t\t\t\t<\/div>","protected":false},"excerpt":{"rendered":"<p>Pol\u00edtica de privacidad Zeitlos Beauty Klinik se compromete a proteger su privacidad y sus datos personales. Esta Pol\u00edtica de Privacidad explica c\u00f3mo recopilamos, utilizamos, almacenamos y protegemos su informaci\u00f3n personal de acuerdo con la Ley Federal Suiza de Protecci\u00f3n de Datos (FADP). 1. Recopilaci\u00f3n de datos Podemos recopilar informaci\u00f3n personal que usted nos facilite voluntariamente a trav\u00e9s de nuestra p\u00e1gina web, contacto [...]<\/p>","protected":false},"author":1,"featured_media":0,"parent":0,"menu_order":0,"comment_status":"closed","ping_status":"closed","template":"elementor_header_footer","meta":{"footnotes":""},"class_list":["post-395","page","type-page","status-publish","hentry"],"_hostinger_reach_plugin_has_subscription_block":false,"_hostinger_reach_plugin_is_elementor":false,"_links":{"self":[{"href":"https:\/\/zeitlosklinik.ch\/es\/wp-json\/wp\/v2\/pages\/395","targetHints":{"allow":["GET"]}}],"collection":[{"href":"https:\/\/zeitlosklinik.ch\/es\/wp-json\/wp\/v2\/pages"}],"about":[{"href":"https:\/\/zeitlosklinik.ch\/es\/wp-json\/wp\/v2\/types\/page"}],"author":[{"embeddable":true,"href":"https:\/\/zeitlosklinik.ch\/es\/wp-json\/wp\/v2\/users\/1"}],"replies":[{"embeddable":true,"href":"https:\/\/zeitlosklinik.ch\/es\/wp-json\/wp\/v2\/comments?post=395"}],"version-history":[{"count":7,"href":"https:\/\/zeitlosklinik.ch\/es\/wp-json\/wp\/v2\/pages\/395\/revisions"}],"predecessor-version":[{"id":427,"href":"https:\/\/zeitlosklinik.ch\/es\/wp-json\/wp\/v2\/pages\/395\/revisions\/427"}],"wp:attachment":[{"href":"https:\/\/zeitlosklinik.ch\/es\/wp-json\/wp\/v2\/media?parent=395"}],"curies":[{"name":"wp","href":"https:\/\/api.w.org\/{rel}","templated":true}]}}