{"id":403,"date":"2026-01-13T02:20:57","date_gmt":"2026-01-13T02:20:57","guid":{"rendered":"https:\/\/zeitlosklinik.ch\/?page_id=403"},"modified":"2026-01-13T02:26:03","modified_gmt":"2026-01-13T02:26:03","slug":"terms-conditions-2","status":"publish","type":"page","link":"https:\/\/zeitlosklinik.ch\/es\/terms-conditions-2\/","title":{"rendered":"Condiciones generales"},"content":{"rendered":"<div data-elementor-type=\"wp-page\" data-elementor-id=\"403\" class=\"elementor elementor-403\" data-elementor-post-type=\"page\">\n\t\t\t\t<div class=\"elementor-element elementor-element-af20021 e-flex e-con-boxed e-con e-parent\" data-id=\"af20021\" data-element_type=\"container\" data-settings=\"{&quot;background_background&quot;:&quot;classic&quot;}\">\n\t\t\t\t\t<div class=\"e-con-inner\">\n\t\t\t\t<div class=\"elementor-element elementor-element-673dba4 elementor-widget elementor-widget-heading\" data-id=\"673dba4\" data-element_type=\"widget\" data-widget_type=\"heading.default\">\n\t\t\t\t\t<h2 class=\"elementor-heading-title elementor-size-default\">Condiciones generales<\/h2>\t\t\t\t<\/div>\n\t\t\t\t<div class=\"elementor-element elementor-element-473dded elementor-widget elementor-widget-text-editor\" data-id=\"473dded\" data-element_type=\"widget\" data-widget_type=\"text-editor.default\">\n\t\t\t\t\t\t\t\t\t<div style=\"text-align: justify;\">\n\n<p><strong><\/strong><\/p>\n\n<p>\nAl acceder y utilizar el sitio web de Zeitlos Beauty Klinik, usted acepta las\nsiguientes T\u00e9rminos y Condiciones.\n<\/p>\n\n<p><strong>1. Servicios<\/strong><\/p>\n<p>\nToda la informaci\u00f3n proporcionada en este sitio web tiene fines informativos generales\ngenerales. Los tratamientos y servicios se ofrecen tras una evaluaci\u00f3n profesional\ny pueden variar en funci\u00f3n de las necesidades individuales.\n<\/p>\n\n<p><strong>2. Citas y tratamientos<\/strong><\/p>\n<p>\nLas citas est\u00e1n sujetas a disponibilidad. Los resultados del tratamiento pueden variar\npersona a persona, y no hay garant\u00edas de resultados espec\u00edficos se expresan o\no impl\u00edcitas.\n<\/p>\n\n<p><strong>3. Descargo de responsabilidad m\u00e9dica<\/strong><\/p>\n<p>\nLos tratamientos ofrecidos se centran en la est\u00e9tica y el bienestar y no sustituyen\ndiagn\u00f3stico o tratamiento m\u00e9dico. Los clientes son responsables de informarnos de\ncualquier condici\u00f3n m\u00e9dica, alergia o contraindicaci\u00f3n antes de cualquier procedimiento.\n<\/p>\n\n<p><strong>4. Precios<\/strong><\/p>\n<p>\nLos precios que figuran en el sitio web son indicativos y pueden estar sujetos a cambios\nsin previo aviso. Las promociones o ventajas est\u00e1n sujetas a condiciones\ncondiciones espec\u00edficas comunicadas en el momento de la reserva.\n<\/p>\n\n<p><strong>5. Responsabilidad<\/strong><\/p>\n<p>\nZeitlos Beauty Klinik no se hace responsable de los da\u00f1os directos o indirectos derivados\nderivados del uso de este sitio web o de la confianza depositada en la informaci\u00f3n\npermitido por la legislaci\u00f3n suiza.\n<\/p>\n\n<\/div>\n\t\t\t\t\t\t\t\t<\/div>\n\t\t\t\t\t<\/div>\n\t\t\t\t<\/div>\n\t\t\t\t<\/div>","protected":false},"excerpt":{"rendered":"<p>T\u00e9rminos y condiciones Al acceder y utilizar el sitio web de Zeitlos Beauty Klinik, usted acepta los siguientes T\u00e9rminos y condiciones. 1. Servicios Toda la informaci\u00f3n proporcionada en este sitio web tiene \u00fanicamente fines informativos generales. Los tratamientos y servicios se ofrecen tras una evaluaci\u00f3n profesional y pueden variar en funci\u00f3n de las necesidades individuales. 2. Citas y tratamientos Citas [...]<\/p>","protected":false},"author":1,"featured_media":0,"parent":0,"menu_order":0,"comment_status":"closed","ping_status":"closed","template":"elementor_header_footer","meta":{"footnotes":""},"class_list":["post-403","page","type-page","status-publish","hentry"],"_hostinger_reach_plugin_has_subscription_block":false,"_hostinger_reach_plugin_is_elementor":false,"_links":{"self":[{"href":"https:\/\/zeitlosklinik.ch\/es\/wp-json\/wp\/v2\/pages\/403","targetHints":{"allow":["GET"]}}],"collection":[{"href":"https:\/\/zeitlosklinik.ch\/es\/wp-json\/wp\/v2\/pages"}],"about":[{"href":"https:\/\/zeitlosklinik.ch\/es\/wp-json\/wp\/v2\/types\/page"}],"author":[{"embeddable":true,"href":"https:\/\/zeitlosklinik.ch\/es\/wp-json\/wp\/v2\/users\/1"}],"replies":[{"embeddable":true,"href":"https:\/\/zeitlosklinik.ch\/es\/wp-json\/wp\/v2\/comments?post=403"}],"version-history":[{"count":7,"href":"https:\/\/zeitlosklinik.ch\/es\/wp-json\/wp\/v2\/pages\/403\/revisions"}],"predecessor-version":[{"id":423,"href":"https:\/\/zeitlosklinik.ch\/es\/wp-json\/wp\/v2\/pages\/403\/revisions\/423"}],"wp:attachment":[{"href":"https:\/\/zeitlosklinik.ch\/es\/wp-json\/wp\/v2\/media?parent=403"}],"curies":[{"name":"wp","href":"https:\/\/api.w.org\/{rel}","templated":true}]}}