{"id":408,"date":"2026-01-13T02:22:38","date_gmt":"2026-01-13T02:22:38","guid":{"rendered":"https:\/\/zeitlosklinik.ch\/?page_id=408"},"modified":"2026-01-13T02:25:42","modified_gmt":"2026-01-13T02:25:42","slug":"legal-notice-2","status":"publish","type":"page","link":"https:\/\/zeitlosklinik.ch\/es\/legal-notice-2\/","title":{"rendered":"Aviso legal"},"content":{"rendered":"<div data-elementor-type=\"wp-page\" data-elementor-id=\"408\" class=\"elementor elementor-408\" data-elementor-post-type=\"page\">\n\t\t\t\t<div class=\"elementor-element elementor-element-ef039bc e-flex e-con-boxed e-con e-parent\" data-id=\"ef039bc\" data-element_type=\"container\" data-settings=\"{&quot;background_background&quot;:&quot;classic&quot;}\">\n\t\t\t\t\t<div class=\"e-con-inner\">\n\t\t\t\t<div class=\"elementor-element elementor-element-782da5d elementor-widget elementor-widget-heading\" data-id=\"782da5d\" data-element_type=\"widget\" data-widget_type=\"heading.default\">\n\t\t\t\t\t<h2 class=\"elementor-heading-title elementor-size-default\">Aviso legal<\/h2>\t\t\t\t<\/div>\n\t\t\t\t<div class=\"elementor-element elementor-element-5d560ec elementor-widget elementor-widget-text-editor\" data-id=\"5d560ec\" data-element_type=\"widget\" data-widget_type=\"text-editor.default\">\n\t\t\t\t\t\t\t\t\t<div style=\"text-align: justify;\">\n\n<p><strong>Aviso legal<\/strong><\/p>\n\n<p>\n<strong>Nombre comercial:<\/strong> Zeitlos Beauty Klinik<br>\n<strong>Actividad empresarial:<\/strong> Servicios de est\u00e9tica y bienestar<br>\n<strong>Ubicaci\u00f3n:<\/strong> Suiza\n<\/p>\n\n<p>\nEl contenido de este sitio web se ha creado con esmero y precisi\u00f3n. No obstante,\nZeitlos Beauty Klinik no garantiza la integridad, exactitud y actualidad\nactualidad de la informaci\u00f3n facilitada.\n<\/p>\n\n<p>\nTodos los textos, im\u00e1genes y contenidos publicados en esta p\u00e1gina web son propiedad intelectual de Zeitlos Beauty Klinik.\npropiedad intelectual de Zeitlos Beauty Klinik y no pueden ser reproducidos, distribuidos o\nsin autorizaci\u00f3n previa por escrito.\n<\/p>\n\n<p>\nLos enlaces externos, si los hubiera, se facilitan \u00fanicamente por comodidad. Zeitlos Beauty Klinik\nno asume ninguna responsabilidad por el contenido de p\u00e1ginas web externas.\n<\/p>\n\n<\/div>\n\t\t\t\t\t\t\t\t<\/div>\n\t\t\t\t\t<\/div>\n\t\t\t\t<\/div>\n\t\t\t\t<\/div>","protected":false},"excerpt":{"rendered":"<p>Aviso legal Aviso legal Nombre comercial: Zeitlos Beauty Klinik Actividad Comercial: Servicios de est\u00e9tica y bienestar Ubicaci\u00f3n: Suiza El contenido de este sitio web ha sido creado con esmero y precisi\u00f3n. Sin embargo, Zeitlos Beauty Klinik no garantiza la integridad, exactitud o actualidad de la informaci\u00f3n proporcionada. Todos los textos, im\u00e1genes y contenidos publicados en este sitio web son [...]<\/p>","protected":false},"author":1,"featured_media":0,"parent":0,"menu_order":0,"comment_status":"closed","ping_status":"closed","template":"elementor_header_footer","meta":{"footnotes":""},"class_list":["post-408","page","type-page","status-publish","hentry"],"_hostinger_reach_plugin_has_subscription_block":false,"_hostinger_reach_plugin_is_elementor":false,"_links":{"self":[{"href":"https:\/\/zeitlosklinik.ch\/es\/wp-json\/wp\/v2\/pages\/408","targetHints":{"allow":["GET"]}}],"collection":[{"href":"https:\/\/zeitlosklinik.ch\/es\/wp-json\/wp\/v2\/pages"}],"about":[{"href":"https:\/\/zeitlosklinik.ch\/es\/wp-json\/wp\/v2\/types\/page"}],"author":[{"embeddable":true,"href":"https:\/\/zeitlosklinik.ch\/es\/wp-json\/wp\/v2\/users\/1"}],"replies":[{"embeddable":true,"href":"https:\/\/zeitlosklinik.ch\/es\/wp-json\/wp\/v2\/comments?post=408"}],"version-history":[{"count":7,"href":"https:\/\/zeitlosklinik.ch\/es\/wp-json\/wp\/v2\/pages\/408\/revisions"}],"predecessor-version":[{"id":419,"href":"https:\/\/zeitlosklinik.ch\/es\/wp-json\/wp\/v2\/pages\/408\/revisions\/419"}],"wp:attachment":[{"href":"https:\/\/zeitlosklinik.ch\/es\/wp-json\/wp\/v2\/media?parent=408"}],"curies":[{"name":"wp","href":"https:\/\/api.w.org\/{rel}","templated":true}]}}