{"id":408,"date":"2026-01-13T02:22:38","date_gmt":"2026-01-13T02:22:38","guid":{"rendered":"https:\/\/zeitlosklinik.ch\/?page_id=408"},"modified":"2026-01-13T02:25:42","modified_gmt":"2026-01-13T02:25:42","slug":"legal-notice-2","status":"publish","type":"page","link":"https:\/\/zeitlosklinik.ch\/pt\/legal-notice-2\/","title":{"rendered":"Aviso legal"},"content":{"rendered":"<div data-elementor-type=\"wp-page\" data-elementor-id=\"408\" class=\"elementor elementor-408\" data-elementor-post-type=\"page\">\n\t\t\t\t<div class=\"elementor-element elementor-element-ef039bc e-flex e-con-boxed e-con e-parent\" data-id=\"ef039bc\" data-element_type=\"container\" data-settings=\"{&quot;background_background&quot;:&quot;classic&quot;}\">\n\t\t\t\t\t<div class=\"e-con-inner\">\n\t\t\t\t<div class=\"elementor-element elementor-element-782da5d elementor-widget elementor-widget-heading\" data-id=\"782da5d\" data-element_type=\"widget\" data-widget_type=\"heading.default\">\n\t\t\t\t\t<h2 class=\"elementor-heading-title elementor-size-default\">Aviso legal<\/h2>\t\t\t\t<\/div>\n\t\t\t\t<div class=\"elementor-element elementor-element-5d560ec elementor-widget elementor-widget-text-editor\" data-id=\"5d560ec\" data-element_type=\"widget\" data-widget_type=\"text-editor.default\">\n\t\t\t\t\t\t\t\t\t<div style=\"text-align: justify;\">\n\n<p><strong>Aviso legal<\/strong><\/p>\n\n<p>\n<strong>Nome da empresa:<\/strong> Cl\u00ednica de Beleza Zeitlos<br>\n<strong>Atividade comercial:<\/strong> Servi\u00e7os est\u00e9ticos e de bem-estar<br>\n<strong>Localiza\u00e7\u00e3o:<\/strong> Su\u00ed\u00e7a\n<\/p>\n\n<p>\nO conte\u00fado deste site foi criado com cuidado e precis\u00e3o. No entanto,\nZeitlos Beauty Klinik n\u00e3o garante a integridade, a precis\u00e3o ou a\natualidade das informa\u00e7\u00f5es fornecidas.\n<\/p>\n\n<p>\nTodos os textos, imagens e conte\u00fados publicados neste site s\u00e3o de propriedade\npropriedade intelectual da Zeitlos Beauty Klinik e n\u00e3o podem ser reproduzidos, distribu\u00eddos ou\nutilizados sem autoriza\u00e7\u00e3o pr\u00e9via por escrito.\n<\/p>\n\n<p>\nOs links externos, se houver, s\u00e3o fornecidos apenas por conveni\u00eancia. A Zeitlos Beauty Klinik\nn\u00e3o assume nenhuma responsabilidade pelo conte\u00fado de sites externos.\n<\/p>\n\n<\/div>\n\t\t\t\t\t\t\t\t<\/div>\n\t\t\t\t\t<\/div>\n\t\t\t\t<\/div>\n\t\t\t\t<\/div>","protected":false},"excerpt":{"rendered":"<p>Aviso legal Aviso legal Nome da empresa: Zeitlos Beauty Klinik Atividade comercial: Servi\u00e7os est\u00e9ticos e de bem-estar Localiza\u00e7\u00e3o: Su\u00ed\u00e7a O conte\u00fado deste site foi criado com cuidado e precis\u00e3o. No entanto, a Zeitlos Beauty Klinik n\u00e3o garante a integridade, a precis\u00e3o ou a atualidade das informa\u00e7\u00f5es fornecidas. Todos os textos, imagens e conte\u00fado publicados neste site s\u00e3o [...]<\/p>","protected":false},"author":1,"featured_media":0,"parent":0,"menu_order":0,"comment_status":"closed","ping_status":"closed","template":"elementor_header_footer","meta":{"footnotes":""},"class_list":["post-408","page","type-page","status-publish","hentry"],"_hostinger_reach_plugin_has_subscription_block":false,"_hostinger_reach_plugin_is_elementor":false,"_links":{"self":[{"href":"https:\/\/zeitlosklinik.ch\/pt\/wp-json\/wp\/v2\/pages\/408","targetHints":{"allow":["GET"]}}],"collection":[{"href":"https:\/\/zeitlosklinik.ch\/pt\/wp-json\/wp\/v2\/pages"}],"about":[{"href":"https:\/\/zeitlosklinik.ch\/pt\/wp-json\/wp\/v2\/types\/page"}],"author":[{"embeddable":true,"href":"https:\/\/zeitlosklinik.ch\/pt\/wp-json\/wp\/v2\/users\/1"}],"replies":[{"embeddable":true,"href":"https:\/\/zeitlosklinik.ch\/pt\/wp-json\/wp\/v2\/comments?post=408"}],"version-history":[{"count":7,"href":"https:\/\/zeitlosklinik.ch\/pt\/wp-json\/wp\/v2\/pages\/408\/revisions"}],"predecessor-version":[{"id":419,"href":"https:\/\/zeitlosklinik.ch\/pt\/wp-json\/wp\/v2\/pages\/408\/revisions\/419"}],"wp:attachment":[{"href":"https:\/\/zeitlosklinik.ch\/pt\/wp-json\/wp\/v2\/media?parent=408"}],"curies":[{"name":"wp","href":"https:\/\/api.w.org\/{rel}","templated":true}]}}